{"id":2141,"date":"2025-01-16T10:32:21","date_gmt":"2025-01-16T13:32:21","guid":{"rendered":"https:\/\/mairafernandes.adv.br\/?page_id=2141"},"modified":"2025-01-24T11:58:23","modified_gmt":"2025-01-24T14:58:23","slug":"artigos-e-noticias","status":"publish","type":"page","link":"https:\/\/mairafernandes.adv.br\/?page_id=2141","title":{"rendered":"Artigos e Not\u00edcias"},"content":{"rendered":"\t\t<div data-elementor-type=\"wp-page\" data-elementor-id=\"2141\" class=\"elementor elementor-2141\">\n\t\t\t\t\t\t<section class=\"elementor-section elementor-top-section elementor-element elementor-element-76ac9be elementor-section-boxed elementor-section-height-default elementor-section-height-default wpr-particle-no wpr-jarallax-no wpr-parallax-no wpr-sticky-section-no\" data-id=\"76ac9be\" data-element_type=\"section\">\n\t\t\t\t\t\t<div class=\"elementor-container elementor-column-gap-extended\">\n\t\t\t\t\t<div class=\"elementor-column elementor-col-33 elementor-top-column elementor-element elementor-element-39aceb1\" data-id=\"39aceb1\" data-element_type=\"column\">\n\t\t\t<div class=\"elementor-widget-wrap elementor-element-populated\">\n\t\t\t\t\t\t<div class=\"elementor-element elementor-element-02b1c42 elementor-widget__width-auto elementor-widget elementor-widget-html\" data-id=\"02b1c42\" data-element_type=\"widget\" data-widget_type=\"html.default\">\n\t\t\t\t<div class=\"elementor-widget-container\">\n\t\t\t\t\t<div style=\"width:100%; height:410px; padding:30px; border: solid 3px #192C4C;\">\n\n<img decoding=\"async\" data-src=\"https:\/\/mairafernandes.adv.br\/wp-content\/uploads\/2025\/01\/icone-noticias.png\" src=\"data:image\/gif;base64,R0lGODlhAQABAAAAACH5BAEKAAEALAAAAAABAAEAAAICTAEAOw==\" class=\"lazyload\" style=\"--smush-placeholder-width: 45px; --smush-placeholder-aspect-ratio: 45\/45;\" \/><noscript><img decoding=\"async\" src=\"https:\/\/mairafernandes.adv.br\/wp-content\/uploads\/2025\/01\/icone-noticias.png\" \/><\/noscript>\n<p style=\"font-weight:900;color:#A37E48;\">NOT\u00cdCIAS<\/p>\n<span style=\"color:#192C4C; text-align: justify\">Acompanhe nossas entrevistas e\nparticipa\u00e7\u00f5es em debates\nrelevantes no cen\u00e1rio jur\u00eddico.\nMantenha-se informado sobre\nas reflex\u00f5es e posicionamentos\ndo Ma\u00edra Fernandes Advocacia\nem ve\u00edculos de comunica\u00e7\u00e3o e\neventos importantes.<\/span>\n    \n<\/div> \t\t\t\t<\/div>\n\t\t\t\t<\/div>\n\t\t\t\t<div class=\"elementor-element elementor-element-4ef9699 elementor-align-center elementor-widget elementor-widget-button\" data-id=\"4ef9699\" data-element_type=\"widget\" data-widget_type=\"button.default\">\n\t\t\t\t<div class=\"elementor-widget-container\">\n\t\t\t\t\t\t\t\t\t<div class=\"elementor-button-wrapper\">\n\t\t\t\t\t<a class=\"elementor-button elementor-button-link elementor-size-sm\" href=\"https:\/\/mairafernandes.adv.br\/?page_id=1979\">\n\t\t\t\t\t\t<span class=\"elementor-button-content-wrapper\">\n\t\t\t\t\t\t\t\t\t<span class=\"elementor-button-text\">+ NOT\u00cdCIAS<\/span>\n\t\t\t\t\t<\/span>\n\t\t\t\t\t<\/a>\n\t\t\t\t<\/div>\n\t\t\t\t\t\t\t\t<\/div>\n\t\t\t\t<\/div>\n\t\t\t\t\t<\/div>\n\t\t<\/div>\n\t\t\t\t<div class=\"elementor-column elementor-col-33 elementor-top-column elementor-element elementor-element-762d017\" data-id=\"762d017\" data-element_type=\"column\">\n\t\t\t<div class=\"elementor-widget-wrap elementor-element-populated\">\n\t\t\t\t\t\t<div class=\"elementor-element elementor-element-49b32b7 elementor-widget elementor-widget-html\" data-id=\"49b32b7\" data-element_type=\"widget\" data-widget_type=\"html.default\">\n\t\t\t\t<div class=\"elementor-widget-container\">\n\t\t\t\t\t<div style=\"width:100%; height:410px; padding:30px; border: solid 3px #192C4C;\">\n\n<img decoding=\"async\" data-src=\"https:\/\/mairafernandes.adv.br\/wp-content\/uploads\/2025\/01\/icone-artigos.png\" src=\"data:image\/gif;base64,R0lGODlhAQABAAAAACH5BAEKAAEALAAAAAABAAEAAAICTAEAOw==\" class=\"lazyload\" style=\"--smush-placeholder-width: 56px; --smush-placeholder-aspect-ratio: 56\/56;\" \/><noscript><img decoding=\"async\" src=\"https:\/\/mairafernandes.adv.br\/wp-content\/uploads\/2025\/01\/icone-artigos.png\" \/><\/noscript>\n<p style=\"font-weight:900;color:#A37E48;\">ARTIGOS<\/p>\n<span style=\"color:#192C4C;text-align:justify\">Aprofunde-se em an\u00e1lises\njur\u00eddicas e reflex\u00f5es dos nossos\ns\u00f3cios sobre temas\ncontempor\u00e2neos no Direito\nPenal e \u00e1reas correlatas. Aqui,\ncompartilhamos perspectivas e\ndiscuss\u00f5es essenciais para o\ndesenvolvimento do setor.<\/span>\n    \n<\/div> \t\t\t\t<\/div>\n\t\t\t\t<\/div>\n\t\t\t\t<div class=\"elementor-element elementor-element-3d43078 elementor-align-center elementor-widget elementor-widget-button\" data-id=\"3d43078\" data-element_type=\"widget\" data-widget_type=\"button.default\">\n\t\t\t\t<div class=\"elementor-widget-container\">\n\t\t\t\t\t\t\t\t\t<div class=\"elementor-button-wrapper\">\n\t\t\t\t\t<a class=\"elementor-button elementor-button-link elementor-size-sm\" href=\"https:\/\/mairafernandes.adv.br\/?page_id=2485\">\n\t\t\t\t\t\t<span class=\"elementor-button-content-wrapper\">\n\t\t\t\t\t\t\t\t\t<span class=\"elementor-button-text\">+ ARTIGOS<\/span>\n\t\t\t\t\t<\/span>\n\t\t\t\t\t<\/a>\n\t\t\t\t<\/div>\n\t\t\t\t\t\t\t\t<\/div>\n\t\t\t\t<\/div>\n\t\t\t\t\t<\/div>\n\t\t<\/div>\n\t\t\t\t<div class=\"elementor-column elementor-col-33 elementor-top-column elementor-element elementor-element-b66e0ea\" data-id=\"b66e0ea\" data-element_type=\"column\">\n\t\t\t<div class=\"elementor-widget-wrap elementor-element-populated\">\n\t\t\t\t\t\t<div class=\"elementor-element elementor-element-632d074 elementor-widget elementor-widget-html\" data-id=\"632d074\" data-element_type=\"widget\" data-widget_type=\"html.default\">\n\t\t\t\t<div class=\"elementor-widget-container\">\n\t\t\t\t\t<div style=\"width:100%; height:410px; padding:30px; border: solid 3px #192C4C;\">\n\n<img decoding=\"async\" data-src=\"https:\/\/mairafernandes.adv.br\/wp-content\/uploads\/2025\/01\/icone-publicacoes.png\" src=\"data:image\/gif;base64,R0lGODlhAQABAAAAACH5BAEKAAEALAAAAAABAAEAAAICTAEAOw==\" class=\"lazyload\" style=\"--smush-placeholder-width: 44px; --smush-placeholder-aspect-ratio: 44\/45;\" \/><noscript><img decoding=\"async\" src=\"https:\/\/mairafernandes.adv.br\/wp-content\/uploads\/2025\/01\/icone-publicacoes.png\" \/><\/noscript>\n<p style=\"font-weight:900;color:#A37E48;\">PUBLICA\u00c7\u00d5ES<\/p>\n<span style=\"color:#192C4C; text-align:justify\">Explore os livros e obras\npublicadas por nossos s\u00f3cios e\nadvogados, que refletem nossa\natua\u00e7\u00e3o e experi\u00eancia em Direito\nPenal. Conhe\u00e7a o legado\nintelectual que contribui para o\ndebate jur\u00eddico e o\nfortalecimento da \u00e1rea.<\/span>\n    \n<\/div> \t\t\t\t<\/div>\n\t\t\t\t<\/div>\n\t\t\t\t<div class=\"elementor-element elementor-element-dfbfda4 elementor-align-center elementor-widget elementor-widget-button\" data-id=\"dfbfda4\" data-element_type=\"widget\" data-widget_type=\"button.default\">\n\t\t\t\t<div class=\"elementor-widget-container\">\n\t\t\t\t\t\t\t\t\t<div class=\"elementor-button-wrapper\">\n\t\t\t\t\t<a class=\"elementor-button elementor-button-link elementor-size-sm\" href=\"https:\/\/mairafernandes.adv.br\/?page_id=2540\">\n\t\t\t\t\t\t<span class=\"elementor-button-content-wrapper\">\n\t\t\t\t\t\t\t\t\t<span class=\"elementor-button-text\">+ PUBLICA\u00c7\u00d5ES<\/span>\n\t\t\t\t\t<\/span>\n\t\t\t\t\t<\/a>\n\t\t\t\t<\/div>\n\t\t\t\t\t\t\t\t<\/div>\n\t\t\t\t<\/div>\n\t\t\t\t\t<\/div>\n\t\t<\/div>\n\t\t\t\t\t<\/div>\n\t\t<\/section>\n\t\t\t\t<section class=\"elementor-section elementor-top-section elementor-element elementor-element-87ef618 elementor-section-full_width elementor-section-height-default elementor-section-height-default wpr-particle-no wpr-jarallax-no wpr-parallax-no wpr-sticky-section-no\" data-id=\"87ef618\" data-element_type=\"section\">\n\t\t\t\t\t\t<div class=\"elementor-container elementor-column-gap-default\">\n\t\t\t\t\t<div class=\"elementor-column elementor-col-100 elementor-top-column elementor-element elementor-element-fcfff14\" data-id=\"fcfff14\" data-element_type=\"column\">\n\t\t\t<div class=\"elementor-widget-wrap elementor-element-populated\">\n\t\t\t\t\t\t<div class=\"elementor-element elementor-element-460c881 elementor-widget elementor-widget-image\" data-id=\"460c881\" data-element_type=\"widget\" data-widget_type=\"image.default\">\n\t\t\t\t<div class=\"elementor-widget-container\">\n\t\t\t\t\t\t\t\t\t\t\t\t\t\t\t<img fetchpriority=\"high\" decoding=\"async\" width=\"1920\" height=\"229\" src=\"https:\/\/mairafernandes.adv.br\/wp-content\/uploads\/2025\/01\/rodape-artigos-noticias.png\" class=\"attachment-full size-full wp-image-2161\" alt=\"\" srcset=\"https:\/\/mairafernandes.adv.br\/wp-content\/uploads\/2025\/01\/rodape-artigos-noticias.png 1920w, https:\/\/mairafernandes.adv.br\/wp-content\/uploads\/2025\/01\/rodape-artigos-noticias-300x36.png 300w, https:\/\/mairafernandes.adv.br\/wp-content\/uploads\/2025\/01\/rodape-artigos-noticias-1024x122.png 1024w, https:\/\/mairafernandes.adv.br\/wp-content\/uploads\/2025\/01\/rodape-artigos-noticias-768x92.png 768w, https:\/\/mairafernandes.adv.br\/wp-content\/uploads\/2025\/01\/rodape-artigos-noticias-1536x183.png 1536w\" sizes=\"(max-width: 1920px) 100vw, 1920px\" \/>\t\t\t\t\t\t\t\t\t\t\t\t\t\t\t<\/div>\n\t\t\t\t<\/div>\n\t\t\t\t\t<\/div>\n\t\t<\/div>\n\t\t\t\t\t<\/div>\n\t\t<\/section>\n\t\t\t\t<\/div>\n\t\t","protected":false},"excerpt":{"rendered":"<p>NOT\u00cdCIAS Acompanhe nossas entrevistas e participa\u00e7\u00f5es em debates relevantes no cen\u00e1rio jur\u00eddico. Mantenha-se informado sobre as reflex\u00f5es e posicionamentos do Ma\u00edra Fernandes Advocacia em ve\u00edculos de comunica\u00e7\u00e3o e eventos importantes. + NOT\u00cdCIAS ARTIGOS Aprofunde-se em an\u00e1lises jur\u00eddicas e reflex\u00f5es dos nossos s\u00f3cios sobre temas contempor\u00e2neos no Direito Penal e \u00e1reas correlatas. Aqui, compartilhamos perspectivas e discuss\u00f5es essenciais para o desenvolvimento do setor. + ARTIGOS PUBLICA\u00c7\u00d5ES Explore os livros e obras publicadas por nossos s\u00f3cios e advogados, que refletem nossa atua\u00e7\u00e3o e experi\u00eancia em Direito Penal. Conhe\u00e7a o legado intelectual que contribui para o debate jur\u00eddico e o fortalecimento da \u00e1rea. + PUBLICA\u00c7\u00d5ES<\/p>\n","protected":false},"author":5,"featured_media":0,"parent":0,"menu_order":0,"comment_status":"closed","ping_status":"closed","template":"","meta":{"footnotes":""},"class_list":["post-2141","page","type-page","status-publish","hentry"],"_links":{"self":[{"href":"https:\/\/mairafernandes.adv.br\/index.php?rest_route=\/wp\/v2\/pages\/2141","targetHints":{"allow":["GET"]}}],"collection":[{"href":"https:\/\/mairafernandes.adv.br\/index.php?rest_route=\/wp\/v2\/pages"}],"about":[{"href":"https:\/\/mairafernandes.adv.br\/index.php?rest_route=\/wp\/v2\/types\/page"}],"author":[{"embeddable":true,"href":"https:\/\/mairafernandes.adv.br\/index.php?rest_route=\/wp\/v2\/users\/5"}],"replies":[{"embeddable":true,"href":"https:\/\/mairafernandes.adv.br\/index.php?rest_route=%2Fwp%2Fv2%2Fcomments&post=2141"}],"version-history":[{"count":0,"href":"https:\/\/mairafernandes.adv.br\/index.php?rest_route=\/wp\/v2\/pages\/2141\/revisions"}],"wp:attachment":[{"href":"https:\/\/mairafernandes.adv.br\/index.php?rest_route=%2Fwp%2Fv2%2Fmedia&parent=2141"}],"curies":[{"name":"wp","href":"https:\/\/api.w.org\/{rel}","templated":true}]}}